{"id":3716,"date":"2023-09-28T15:05:26","date_gmt":"2023-09-28T13:05:26","guid":{"rendered":"https:\/\/beta-clic.com\/?post_type=product&#038;p=3716"},"modified":"2023-09-28T15:06:06","modified_gmt":"2023-09-28T13:06:06","slug":"creation-qr-code","status":"publish","type":"product","link":"https:\/\/beta-clic.com\/index.php\/produit\/creation-qr-code\/","title":{"rendered":"Cr\u00e9ation QR Code"},"content":{"rendered":"","protected":false},"excerpt":{"rendered":"<p><strong>QR Codes de B\u00eataClic : L&#8217;Atout Incontournable pour une Entreprise Moderne<\/strong><\/p>\n<p>B\u00eataClic propose un service de cr\u00e9ation de QR codes haut de gamme. Nos QR codes sont bien plus que de simples codes, ce sont des outils puissants pour am\u00e9liorer la visibilit\u00e9 de votre entreprise et simplifier l&#8217;interaction avec vos clients. Voici pourquoi choisir notre service de cr\u00e9ation de QR codes est un choix judicieux pour votre entreprise :<\/p>\n<p><strong>QR Codes Personnalis\u00e9s et Esth\u00e9tiques<\/strong> : Nous comprenons l&#8217;importance de l&#8217;image de marque. C&#8217;est pourquoi nous cr\u00e9ons des QR codes qui correspondent parfaitement \u00e0 l&#8217;esth\u00e9tique de votre entreprise. Ils seront non seulement fonctionnels mais aussi visuellement attrayants.<\/p>\n<p><strong>Facilit\u00e9 d&#8217;Utilisation pour Vos Clients<\/strong> : Nos QR codes sont con\u00e7us pour simplifier l&#8217;exp\u00e9rience de vos clients. Ils peuvent \u00eatre scann\u00e9s en un instant \u00e0 l&#8217;aide d&#8217;un smartphone, redirigeant ainsi vos clients vers des informations cl\u00e9s, des promotions sp\u00e9ciales ou des sites web pertinents. Cela signifie une meilleure exp\u00e9rience utilisateur pour vos clients.<\/p>\n<p><strong>Suivi et Analyse<\/strong> : Avec nos QR codes, vous pouvez suivre l&#8217;efficacit\u00e9 de vos campagnes marketing. Vous saurez combien de personnes ont scann\u00e9 votre code, o\u00f9 et quand. Ces donn\u00e9es pr\u00e9cieuses vous permettront d&#8217;ajuster votre strat\u00e9gie marketing pour de meilleurs r\u00e9sultats.<\/p>\n<p><strong>Modernit\u00e9 et Innovation<\/strong> : L&#8217;utilisation de QR codes montre que votre entreprise est \u00e0 la pointe de la technologie. Cela renforce une image moderne et innovante, ce qui peut attirer de nouveaux clients et fid\u00e9liser les anciens.<\/p>\n<p><strong>Gain de Temps et d&#8217;Efforts<\/strong> : Vos clients n&#8217;auront plus besoin de saisir manuellement des informations ou de rechercher des d\u00e9tails sur Internet. Un simple scan du QR code r\u00e9sout ce probl\u00e8me, ce qui am\u00e9liore leur satisfaction.<\/p>\n<p>En choisissant B\u00eataClic pour la cr\u00e9ation de vos QR codes, vous investissez dans la qualit\u00e9, la personnalisation et l&#8217;efficacit\u00e9. L&#8217;investissement n&#8217;est pas un luxe, c&#8217;est une strat\u00e9gie intelligente pour am\u00e9liorer l&#8217;exp\u00e9rience de vos clients et augmenter votre visibilit\u00e9 sur le march\u00e9.<\/p>\n","protected":false},"featured_media":3732,"comment_status":"closed","ping_status":"closed","template":"","meta":[],"product_brand":[],"product_cat":[92,80,81,82,86,85],"product_tag":[],"class_list":{"0":"post-3716","1":"product","2":"type-product","3":"status-publish","4":"has-post-thumbnail","6":"product_cat-lead","7":"product_cat-nos-services","8":"product_cat-referencement","9":"product_cat-reseaux-sociaux","10":"product_cat-site-e-commerce","11":"product_cat-site-internet","13":"first","14":"instock","15":"virtual","16":"taxable","17":"purchasable","18":"product-type-simple"},"_links":{"self":[{"href":"https:\/\/beta-clic.com\/index.php\/wp-json\/wp\/v2\/product\/3716","targetHints":{"allow":["GET"]}}],"collection":[{"href":"https:\/\/beta-clic.com\/index.php\/wp-json\/wp\/v2\/product"}],"about":[{"href":"https:\/\/beta-clic.com\/index.php\/wp-json\/wp\/v2\/types\/product"}],"replies":[{"embeddable":true,"href":"https:\/\/beta-clic.com\/index.php\/wp-json\/wp\/v2\/comments?post=3716"}],"version-history":[{"count":0,"href":"https:\/\/beta-clic.com\/index.php\/wp-json\/wp\/v2\/product\/3716\/revisions"}],"wp:featuredmedia":[{"embeddable":true,"href":"https:\/\/beta-clic.com\/index.php\/wp-json\/wp\/v2\/media\/3732"}],"wp:attachment":[{"href":"https:\/\/beta-clic.com\/index.php\/wp-json\/wp\/v2\/media?parent=3716"}],"wp:term":[{"taxonomy":"product_brand","embeddable":true,"href":"https:\/\/beta-clic.com\/index.php\/wp-json\/wp\/v2\/product_brand?post=3716"},{"taxonomy":"product_cat","embeddable":true,"href":"https:\/\/beta-clic.com\/index.php\/wp-json\/wp\/v2\/product_cat?post=3716"},{"taxonomy":"product_tag","embeddable":true,"href":"https:\/\/beta-clic.com\/index.php\/wp-json\/wp\/v2\/product_tag?post=3716"}],"curies":[{"name":"wp","href":"https:\/\/api.w.org\/{rel}","templated":true}]}}