{"id":3719,"date":"2023-09-28T15:05:26","date_gmt":"2023-09-28T13:05:26","guid":{"rendered":"https:\/\/beta-clic.com\/?post_type=product&#038;p=3719"},"modified":"2023-09-28T15:06:23","modified_gmt":"2023-09-28T13:06:23","slug":"gestion-mensuelle-compte-instagram","status":"publish","type":"product","link":"https:\/\/beta-clic.com\/index.php\/produit\/gestion-mensuelle-compte-instagram\/","title":{"rendered":"Gestion Mensuelle Compte Instagram"},"content":{"rendered":"","protected":false},"excerpt":{"rendered":"<p><strong>Dominez Instagram avec la Gestion Mensuelle de B\u00eataClic !<\/strong><\/p>\n<p>\u00c0 B\u00eataClic, nous avons un secret pour vous : sur Instagram, le succ\u00e8s ne vient pas au hasard, il est cr\u00e9\u00e9 par des professionnels d\u00e9di\u00e9s \u00e0 votre r\u00e9ussite. Notre service de Gestion Mensuelle d&#8217;Instagram est bien plus qu&#8217;une simple prestation, c&#8217;est une opportunit\u00e9 de transformer votre pr\u00e9sence en ligne en une puissante machine \u00e0 attirer des clients. Voici pourquoi choisir B\u00eataClic est la meilleure d\u00e9cision que vous puissiez prendre pour votre entreprise :<\/p>\n<p><strong>1. L&#8217;Art de l&#8217;Impact Visuel :<\/strong> Nos experts en marketing visuel vont m\u00e9tamorphoser votre flux Instagram en une galerie d&#8217;inspiration. Chaque image, chaque vid\u00e9o est soigneusement con\u00e7ue pour \u00e9merveiller et susciter l&#8217;int\u00e9r\u00eat de votre public.<\/p>\n<p><strong>2. L&#8217;Engagement au C\u0153ur de l&#8217;Action :<\/strong> Notre \u00e9quipe d\u00e9di\u00e9e est obs\u00e9d\u00e9e par l&#8217;engagement. Nous allons bien au-del\u00e0 des simples publications en interagissant activement avec vos followers. Chaque commentaire, chaque message direct est une opportunit\u00e9 pour nous de tisser des liens pr\u00e9cieux entre votre marque et votre audience.<\/p>\n<p><strong>3. Une Strat\u00e9gie, Pas de Devinettes :<\/strong> Oubliez les publications au hasard. Avec B\u00eataClic, chaque post est le fruit d&#8217;une strat\u00e9gie soigneusement \u00e9labor\u00e9e. Nous planifions, nous ex\u00e9cutons, nous mesurons et nous optimisons en permanence pour des r\u00e9sultats tangibles.<\/p>\n<p><strong>4. Des R\u00e9sultats Mesurables :<\/strong> Nous ne nous contentons pas de faire joli sur Instagram. Nous mesurons l&#8217;impact de chaque action pour vous fournir des rapports clairs et vous montrer comment votre investissement g\u00e9n\u00e8re un retour sur investissement significatif.<\/p>\n<p><strong>5. Un Pas de Plus Vers la Croissance :<\/strong> En choisissant B\u00eataClic, vous ne faites pas qu&#8217;investir, vous investissez dans la croissance de votre entreprise. Nous avons aid\u00e9 de nombreuses entreprises \u00e0 \u00e9largir leur port\u00e9e, \u00e0 attirer de nouveaux clients et \u00e0 augmenter leurs ventes.<\/p>\n<p>N&#8217;oubliez pas que l&#8217;investissement n&#8217;est pas un luxe, c&#8217;est un choix intelligent pour ceux qui voient grand. Laissez B\u00eataClic prendre en charge votre pr\u00e9sence Instagram et transformez-la en un atout puissant pour votre entreprise. Pr\u00e9parez-vous \u00e0 \u00eatre remarqu\u00e9, \u00e0 susciter l&#8217;admiration et \u00e0 r\u00e9colter les fruits d&#8217;une strat\u00e9gie Instagram irr\u00e9sistible. C&#8217;est votre moment pour briller, et B\u00eataClic est l\u00e0 pour vous guider vers le sommet.<\/p>\n","protected":false},"featured_media":3759,"comment_status":"closed","ping_status":"closed","template":"","meta":[],"product_brand":[],"product_cat":[80,82],"product_tag":[],"class_list":{"0":"post-3719","1":"product","2":"type-product","3":"status-publish","4":"has-post-thumbnail","6":"product_cat-nos-services","7":"product_cat-reseaux-sociaux","9":"first","10":"instock","11":"virtual","12":"taxable","13":"purchasable","14":"product-type-simple"},"_links":{"self":[{"href":"https:\/\/beta-clic.com\/index.php\/wp-json\/wp\/v2\/product\/3719","targetHints":{"allow":["GET"]}}],"collection":[{"href":"https:\/\/beta-clic.com\/index.php\/wp-json\/wp\/v2\/product"}],"about":[{"href":"https:\/\/beta-clic.com\/index.php\/wp-json\/wp\/v2\/types\/product"}],"replies":[{"embeddable":true,"href":"https:\/\/beta-clic.com\/index.php\/wp-json\/wp\/v2\/comments?post=3719"}],"version-history":[{"count":0,"href":"https:\/\/beta-clic.com\/index.php\/wp-json\/wp\/v2\/product\/3719\/revisions"}],"wp:featuredmedia":[{"embeddable":true,"href":"https:\/\/beta-clic.com\/index.php\/wp-json\/wp\/v2\/media\/3759"}],"wp:attachment":[{"href":"https:\/\/beta-clic.com\/index.php\/wp-json\/wp\/v2\/media?parent=3719"}],"wp:term":[{"taxonomy":"product_brand","embeddable":true,"href":"https:\/\/beta-clic.com\/index.php\/wp-json\/wp\/v2\/product_brand?post=3719"},{"taxonomy":"product_cat","embeddable":true,"href":"https:\/\/beta-clic.com\/index.php\/wp-json\/wp\/v2\/product_cat?post=3719"},{"taxonomy":"product_tag","embeddable":true,"href":"https:\/\/beta-clic.com\/index.php\/wp-json\/wp\/v2\/product_tag?post=3719"}],"curies":[{"name":"wp","href":"https:\/\/api.w.org\/{rel}","templated":true}]}}