{"id":3726,"date":"2023-09-28T15:05:54","date_gmt":"2023-09-28T13:05:54","guid":{"rendered":"https:\/\/beta-clic.com\/?post_type=product&#038;p=3726"},"modified":"2023-09-28T15:06:30","modified_gmt":"2023-09-28T13:06:30","slug":"coaching-consulting","status":"publish","type":"product","link":"https:\/\/beta-clic.com\/index.php\/produit\/coaching-consulting\/","title":{"rendered":"Coaching &#038; Consulting"},"content":{"rendered":"","protected":false},"excerpt":{"rendered":"<p><strong>Formations B\u00eataClic : \u00c9levez vos Comp\u00e9tences Digitales vers l&#8217;Excellence<\/strong><\/p>\n<p>B\u00eataClic propose des formations qui sont con\u00e7ues pour permettre \u00e0 quiconque de ma\u00eetriser les aspects essentiels du digital, que ce soit la gestion des r\u00e9seaux sociaux, le r\u00e9f\u00e9rencement SEO, ou bien d&#8217;autres comp\u00e9tences. Voici comment nos formations peuvent b\u00e9n\u00e9ficier \u00e0 nos clients :<\/p>\n<p><strong>Formation en Gestion des R\u00e9seaux Sociaux :<\/strong> Vous apprendrez \u00e0 optimiser votre pr\u00e9sence sur les m\u00e9dias sociaux, \u00e0 cr\u00e9er du contenu engageant, \u00e0 interagir avec votre audience et \u00e0 mesurer l&#8217;impact de vos efforts. Cela vous permettra de renforcer votre marque et de d\u00e9velopper votre communaut\u00e9 en ligne.<\/p>\n<p><strong>Formation en R\u00e9f\u00e9rencement (SEO) :<\/strong> Comprendre les bases du r\u00e9f\u00e9rencement web est crucial pour am\u00e9liorer la visibilit\u00e9 de votre site sur les moteurs de recherche. Notre formation SEO vous enseignera les meilleures pratiques pour optimiser votre site et augmenter son classement dans les r\u00e9sultats de recherche.<\/p>\n<p><strong>Formation en SMA (Social Media Advertising) :<\/strong> Si vous souhaitez tirer parti de la publicit\u00e9 sur les r\u00e9seaux sociaux, notre formation en SMA vous guidera \u00e0 travers la cr\u00e9ation et la gestion de campagnes publicitaires efficaces. Vous d\u00e9couvrirez comment cibler votre audience et obtenir un retour sur investissement optimal.<\/p>\n<p><strong>Formation Polyvalente :<\/strong> Nous proposons \u00e9galement une formation polyvalente qui couvre divers aspects du digital, y compris le r\u00e9f\u00e9rencement, les r\u00e9seaux sociaux, la publicit\u00e9 en ligne, et bien plus encore. Cela vous donne une vue d&#8217;ensemble compl\u00e8te des strat\u00e9gies digitales pour r\u00e9ussir en ligne.<\/p>\n<p>L&#8217;avantage de choisir B\u00eataClic pour vos formations est que nous sommes une entreprise de haute qualit\u00e9, avec une exp\u00e9rience \u00e9prouv\u00e9e dans le digital. Nos formations sont con\u00e7ues par des experts chevronn\u00e9s qui vous guideront \u00e0 travers chaque \u00e9tape du processus. Vous investirez dans des connaissances qui vous serviront toute votre vie et qui renforceront la pr\u00e9sence en ligne de votre entreprise.<\/p>\n<p>Chez B\u00eataClic, nous croyons que l&#8217;investissement dans la formation est un atout pr\u00e9cieux. En choisissant nos formations, vous investissez dans votre propre succ\u00e8s et dans celui de votre entreprise. Rejoignez-nous pour acqu\u00e9rir des comp\u00e9tences num\u00e9riques essentielles et atteindre de nouveaux sommets sur le digital.<\/p>\n","protected":false},"featured_media":3761,"comment_status":"closed","ping_status":"closed","template":"","meta":[],"product_brand":[],"product_cat":[92,80,81,82],"product_tag":[],"class_list":{"0":"post-3726","1":"product","2":"type-product","3":"status-publish","4":"has-post-thumbnail","6":"product_cat-lead","7":"product_cat-nos-services","8":"product_cat-referencement","9":"product_cat-reseaux-sociaux","11":"first","12":"instock","13":"virtual","14":"taxable","15":"purchasable","16":"product-type-simple"},"_links":{"self":[{"href":"https:\/\/beta-clic.com\/index.php\/wp-json\/wp\/v2\/product\/3726","targetHints":{"allow":["GET"]}}],"collection":[{"href":"https:\/\/beta-clic.com\/index.php\/wp-json\/wp\/v2\/product"}],"about":[{"href":"https:\/\/beta-clic.com\/index.php\/wp-json\/wp\/v2\/types\/product"}],"replies":[{"embeddable":true,"href":"https:\/\/beta-clic.com\/index.php\/wp-json\/wp\/v2\/comments?post=3726"}],"version-history":[{"count":0,"href":"https:\/\/beta-clic.com\/index.php\/wp-json\/wp\/v2\/product\/3726\/revisions"}],"wp:featuredmedia":[{"embeddable":true,"href":"https:\/\/beta-clic.com\/index.php\/wp-json\/wp\/v2\/media\/3761"}],"wp:attachment":[{"href":"https:\/\/beta-clic.com\/index.php\/wp-json\/wp\/v2\/media?parent=3726"}],"wp:term":[{"taxonomy":"product_brand","embeddable":true,"href":"https:\/\/beta-clic.com\/index.php\/wp-json\/wp\/v2\/product_brand?post=3726"},{"taxonomy":"product_cat","embeddable":true,"href":"https:\/\/beta-clic.com\/index.php\/wp-json\/wp\/v2\/product_cat?post=3726"},{"taxonomy":"product_tag","embeddable":true,"href":"https:\/\/beta-clic.com\/index.php\/wp-json\/wp\/v2\/product_tag?post=3726"}],"curies":[{"name":"wp","href":"https:\/\/api.w.org\/{rel}","templated":true}]}}