{"id":3735,"date":"2023-09-28T15:06:18","date_gmt":"2023-09-28T13:06:18","guid":{"rendered":"https:\/\/beta-clic.com\/?post_type=product&#038;p=3735"},"modified":"2023-09-28T15:06:49","modified_gmt":"2023-09-28T13:06:49","slug":"creation-de-formulaire-pour-generer-du-lead","status":"publish","type":"product","link":"https:\/\/beta-clic.com\/index.php\/produit\/creation-de-formulaire-pour-generer-du-lead\/","title":{"rendered":"Creation de Formulaire pour G\u00e9n\u00e9rer du LEAD"},"content":{"rendered":"","protected":false},"excerpt":{"rendered":"<p><strong>Cr\u00e9ez des Opportunit\u00e9s avec notre Formulaire de Contact sur Mesure<\/strong><\/p>\n<p>Chez B\u00eataClic, nous comprenons \u00e0 quel point la g\u00e9n\u00e9ration de leads est cruciale pour votre entreprise. C&#8217;est pourquoi nous mettons \u00e0 votre disposition un service de cr\u00e9ation de formulaires de contact qui va bien au-del\u00e0 de la simple bo\u00eete \u00e0 remplir.<\/p>\n<p><strong>Personnalisation Avanc\u00e9e<\/strong> : Chaque entreprise est unique, tout comme ses besoins en mati\u00e8re de leads. Nous cr\u00e9ons des formulaires de contact enti\u00e8rement personnalis\u00e9s pour correspondre \u00e0 votre image de marque et \u00e0 vos objectifs sp\u00e9cifiques. Choisissez parmi une gamme de champs, de la simple adresse e-mail aux questions plus d\u00e9taill\u00e9es, pour recueillir les informations pertinentes dont vous avez besoin.<\/p>\n<p><strong>Incitation \u00e0 l&#8217;Action<\/strong> : Un formulaire de contact efficace ne se limite pas \u00e0 une demande de renseignements. Nous concevons des formulaires engageants qui incitent les visiteurs \u00e0 agir. Que ce soit une offre sp\u00e9ciale, un t\u00e9l\u00e9chargement gratuit ou une consultation gratuite, nous savons comment encourager les visiteurs \u00e0 partager leurs coordonn\u00e9es.<\/p>\n<p><strong>Int\u00e9gration Transparente<\/strong> : Nos experts en d\u00e9veloppement web veillent \u00e0 ce que votre formulaire de contact s&#8217;int\u00e8gre harmonieusement \u00e0 votre site web, offrant une exp\u00e9rience utilisateur fluide. De plus, nous pouvons mettre en place des notifications instantan\u00e9es pour vous alerter d\u00e8s qu&#8217;un nouveau lead est g\u00e9n\u00e9r\u00e9.<\/p>\n<p><strong>Analyse et Optimisation<\/strong> : Notre service ne s&#8217;arr\u00eate pas \u00e0 la cr\u00e9ation du formulaire. Nous surveillons attentivement les performances de chaque formulaire et apportons des am\u00e9liorations continues pour maximiser votre taux de conversion.<\/p>\n<p><strong>G\u00e9n\u00e9rer des leads de qualit\u00e9 n&#8217;est pas un luxe, c&#8217;est une n\u00e9cessit\u00e9 pour la croissance de votre entreprise.<\/strong> Avec B\u00eataClic, vous avez l&#8217;assurance que chaque formulaire de contact que nous cr\u00e9ons est con\u00e7u pour capturer des leads qualifi\u00e9s, pr\u00eats \u00e0 passer \u00e0 l&#8217;action. Ne laissez pas les opportunit\u00e9s vous \u00e9chapper, faites \u00e9quipe avec B\u00eataClic et transformez vos visiteurs en clients potentiels. Contactez-nous d\u00e8s aujourd&#8217;hui pour commencer \u00e0 g\u00e9n\u00e9rer des leads de qualit\u00e9.<\/p>\n","protected":false},"featured_media":3768,"comment_status":"closed","ping_status":"closed","template":"","meta":[],"product_brand":[],"product_cat":[92,80,86,85],"product_tag":[],"class_list":{"0":"post-3735","1":"product","2":"type-product","3":"status-publish","4":"has-post-thumbnail","6":"product_cat-lead","7":"product_cat-nos-services","8":"product_cat-site-e-commerce","9":"product_cat-site-internet","11":"first","12":"instock","13":"virtual","14":"taxable","15":"purchasable","16":"product-type-simple"},"_links":{"self":[{"href":"https:\/\/beta-clic.com\/index.php\/wp-json\/wp\/v2\/product\/3735","targetHints":{"allow":["GET"]}}],"collection":[{"href":"https:\/\/beta-clic.com\/index.php\/wp-json\/wp\/v2\/product"}],"about":[{"href":"https:\/\/beta-clic.com\/index.php\/wp-json\/wp\/v2\/types\/product"}],"replies":[{"embeddable":true,"href":"https:\/\/beta-clic.com\/index.php\/wp-json\/wp\/v2\/comments?post=3735"}],"version-history":[{"count":0,"href":"https:\/\/beta-clic.com\/index.php\/wp-json\/wp\/v2\/product\/3735\/revisions"}],"wp:featuredmedia":[{"embeddable":true,"href":"https:\/\/beta-clic.com\/index.php\/wp-json\/wp\/v2\/media\/3768"}],"wp:attachment":[{"href":"https:\/\/beta-clic.com\/index.php\/wp-json\/wp\/v2\/media?parent=3735"}],"wp:term":[{"taxonomy":"product_brand","embeddable":true,"href":"https:\/\/beta-clic.com\/index.php\/wp-json\/wp\/v2\/product_brand?post=3735"},{"taxonomy":"product_cat","embeddable":true,"href":"https:\/\/beta-clic.com\/index.php\/wp-json\/wp\/v2\/product_cat?post=3735"},{"taxonomy":"product_tag","embeddable":true,"href":"https:\/\/beta-clic.com\/index.php\/wp-json\/wp\/v2\/product_tag?post=3735"}],"curies":[{"name":"wp","href":"https:\/\/api.w.org\/{rel}","templated":true}]}}