{"id":3742,"date":"2023-09-28T15:06:18","date_gmt":"2023-09-28T13:06:18","guid":{"rendered":"https:\/\/beta-clic.com\/?post_type=product&#038;p=3742"},"modified":"2023-10-02T18:39:33","modified_gmt":"2023-10-02T16:39:33","slug":"optimisation-html-css-javascript","status":"publish","type":"product","link":"https:\/\/beta-clic.com\/index.php\/produit\/optimisation-html-css-javascript\/","title":{"rendered":"Optimisation (HTML, CSS, JavaScript)"},"content":{"rendered":"","protected":false},"excerpt":{"rendered":"<p><strong>Transformez Votre Site Web en Une Machine de Performance : L&#8217;Optimisation de B\u00eataClic Pour des R\u00e9sultats Exceptionnels<\/strong><\/p>\n<p>Chez B\u00eataClic, nous sommes fiers de vous offrir une prestation d&#8217;optimisation de site web de haute qualit\u00e9. Notre \u00e9quipe d&#8217;experts chevronn\u00e9s se sp\u00e9cialise dans l&#8217;am\u00e9lioration de la performance de votre site gr\u00e2ce \u00e0 l&#8217;optimisation du code HTML, CSS et JavaScript. Voici comment notre service peut b\u00e9n\u00e9ficier \u00e0 votre entreprise :<\/p>\n<ol>\n<li>Correction d&#8217;Erreurs et de Bugs : Nous effectuons une analyse minutieuse de votre site pour identifier et corriger toutes les erreurs et bugs qui pourraient nuire \u00e0 son bon fonctionnement. Cela garantit une exp\u00e9rience utilisateur fluide et sans frustration pour vos visiteurs.<\/li>\n<li>Am\u00e9lioration du R\u00e9f\u00e9rencement : L&#8217;optimisation du code de votre site web a un impact direct sur son r\u00e9f\u00e9rencement. En \u00e9liminant les erreurs techniques, nous contribuons \u00e0 am\u00e9liorer votre positionnement dans les moteurs de recherche, ce qui vous permet d&#8217;attirer davantage de visiteurs organiques.<\/li>\n<li>Rapidit\u00e9 et Performance : Un site web plus rapide est essentiel pour retenir l&#8217;attention des utilisateurs. Nous optimisons le chargement de vos pages en r\u00e9duisant les temps de chargement, ce qui am\u00e9liore l&#8217;exp\u00e9rience de navigation de vos clients.<\/li>\n<li>Adaptabilit\u00e9 : Nous nous assurons \u00e9galement que votre site est compatible avec tous les appareils et navigateurs, garantissant ainsi une exp\u00e9rience coh\u00e9rente, quel que soit le dispositif utilis\u00e9 par vos visiteurs.<\/li>\n<\/ol>\n<p>En choisissant B\u00eataClic pour l&#8217;optimisation de votre site web, vous faites le choix de l&#8217;excellence. Nous mettons tout en \u0153uvre pour garantir que votre site fonctionne de mani\u00e8re optimale, attire plus de visiteurs et contribue \u00e0 la croissance de votre entreprise. L&#8217;investissement que vous faites dans nos services n&#8217;est pas un luxe, mais une strat\u00e9gie intelligente pour r\u00e9ussir dans le monde num\u00e9rique d&#8217;aujourd&#8217;hui. Faites-nous confiance pour vous offrir des r\u00e9sultats exceptionnels.<\/p>\n","protected":false},"featured_media":3824,"comment_status":"closed","ping_status":"closed","template":"","meta":[],"product_brand":[],"product_cat":[80,89],"product_tag":[],"class_list":{"0":"post-3742","1":"product","2":"type-product","3":"status-publish","4":"has-post-thumbnail","6":"product_cat-nos-services","7":"product_cat-site-vitrine","9":"first","10":"instock","11":"virtual","12":"taxable","13":"purchasable","14":"product-type-simple"},"_links":{"self":[{"href":"https:\/\/beta-clic.com\/index.php\/wp-json\/wp\/v2\/product\/3742","targetHints":{"allow":["GET"]}}],"collection":[{"href":"https:\/\/beta-clic.com\/index.php\/wp-json\/wp\/v2\/product"}],"about":[{"href":"https:\/\/beta-clic.com\/index.php\/wp-json\/wp\/v2\/types\/product"}],"replies":[{"embeddable":true,"href":"https:\/\/beta-clic.com\/index.php\/wp-json\/wp\/v2\/comments?post=3742"}],"version-history":[{"count":1,"href":"https:\/\/beta-clic.com\/index.php\/wp-json\/wp\/v2\/product\/3742\/revisions"}],"predecessor-version":[{"id":3825,"href":"https:\/\/beta-clic.com\/index.php\/wp-json\/wp\/v2\/product\/3742\/revisions\/3825"}],"wp:featuredmedia":[{"embeddable":true,"href":"https:\/\/beta-clic.com\/index.php\/wp-json\/wp\/v2\/media\/3824"}],"wp:attachment":[{"href":"https:\/\/beta-clic.com\/index.php\/wp-json\/wp\/v2\/media?parent=3742"}],"wp:term":[{"taxonomy":"product_brand","embeddable":true,"href":"https:\/\/beta-clic.com\/index.php\/wp-json\/wp\/v2\/product_brand?post=3742"},{"taxonomy":"product_cat","embeddable":true,"href":"https:\/\/beta-clic.com\/index.php\/wp-json\/wp\/v2\/product_cat?post=3742"},{"taxonomy":"product_tag","embeddable":true,"href":"https:\/\/beta-clic.com\/index.php\/wp-json\/wp\/v2\/product_tag?post=3742"}],"curies":[{"name":"wp","href":"https:\/\/api.w.org\/{rel}","templated":true}]}}