{"id":3754,"date":"2023-09-28T15:06:19","date_gmt":"2023-09-28T13:06:19","guid":{"rendered":"https:\/\/beta-clic.com\/?post_type=product&#038;p=3754"},"modified":"2023-09-28T15:07:55","modified_gmt":"2023-09-28T13:07:55","slug":"promouvoir-une-video-youtube","status":"publish","type":"product","link":"https:\/\/beta-clic.com\/index.php\/produit\/promouvoir-une-video-youtube\/","title":{"rendered":"Promouvoir une Vid\u00e9o Youtube"},"content":{"rendered":"","protected":false},"excerpt":{"rendered":"<p>\u00c0 la recherche de l&#8217;outil ultime pour propulser votre entreprise vers de nouveaux sommets de succ\u00e8s ? Ne cherchez pas plus loin ! B\u00eataClic, l&#8217;entreprise haut de gamme dans le domaine du digital, est l\u00e0 pour vous offrir une opportunit\u00e9 exceptionnelle : la promotion de votre vid\u00e9o d&#8217;entreprise sur YouTube.<\/p>\n<p><strong>Notre Service Exceptionnel :<\/strong><\/p>\n<p>Imaginez votre vid\u00e9o en train de captiver l&#8217;audience mondiale de YouTube, g\u00e9n\u00e9rant des vues, des likes et des commentaires enthousiastes. Chez B\u00eataClic, nous transformons cette vision en r\u00e9alit\u00e9. Notre \u00e9quipe de experts en cr\u00e9ation de contenu, r\u00e9f\u00e9rencement et gestion des r\u00e9seaux sociaux travaillera en harmonie pour cr\u00e9er une campagne YouTube sur mesure qui fera briller votre entreprise.<\/p>\n<p><strong>Pourquoi Choisir B\u00eataClic ?<\/strong><\/p>\n<ol>\n<li><strong>Visibilit\u00e9 Maximale<\/strong> : Nous maximisons la visibilit\u00e9 de votre vid\u00e9o en utilisant des strat\u00e9gies de r\u00e9f\u00e9rencement avanc\u00e9es, ce qui signifie que votre vid\u00e9o sera vue par un public plus large et qualifi\u00e9.<\/li>\n<li><strong>Notori\u00e9t\u00e9 Instantan\u00e9e<\/strong> : Gr\u00e2ce \u00e0 notre expertise, votre entreprise gagnera rapidement en notori\u00e9t\u00e9. Vous serez reconnu comme un leader de l&#8217;industrie.<\/li>\n<li><strong>Trafic Cibl\u00e9<\/strong> : Nous n&#8217;attirons pas seulement du trafic, mais du trafic pertinent. Les t\u00e9l\u00e9spectateurs qui s&#8217;int\u00e9ressent r\u00e9ellement \u00e0 vos produits ou services.<\/li>\n<li><strong>Nouveaux Clients<\/strong> : Les vues se traduiront en nouveaux clients. Nous sommes d\u00e9termin\u00e9s \u00e0 augmenter votre base de clients.<\/li>\n<\/ol>\n<p>Chez B\u00eataClic, nous croyons que l&#8217;investissement n&#8217;est pas un luxe, mais une n\u00e9cessit\u00e9 pour la croissance de votre entreprise. Alors, investissez dans notre service de promotion YouTube et pr\u00e9parez-vous \u00e0 une transformation radicale de votre visibilit\u00e9 en ligne.<\/p>\n<p>N&#8217;attendez pas que vos concurrents prennent l&#8217;avantage. Contactez-nous d\u00e8s maintenant et d\u00e9couvrez comment B\u00eataClic peut propulser votre entreprise vers le succ\u00e8s sur YouTube et au-del\u00e0. Ne laissez pas cette opportunit\u00e9 unique vous \u00e9chapper.<\/p>\n<p>Choisissez B\u00eataClic. Choisissez la r\u00e9ussite.<\/p>\n","protected":false},"featured_media":3786,"comment_status":"closed","ping_status":"closed","template":"","meta":[],"product_brand":[],"product_cat":[92,80,82],"product_tag":[],"class_list":{"0":"post-3754","1":"product","2":"type-product","3":"status-publish","4":"has-post-thumbnail","6":"product_cat-lead","7":"product_cat-nos-services","8":"product_cat-reseaux-sociaux","10":"first","11":"instock","12":"virtual","13":"taxable","14":"purchasable","15":"product-type-simple"},"_links":{"self":[{"href":"https:\/\/beta-clic.com\/index.php\/wp-json\/wp\/v2\/product\/3754","targetHints":{"allow":["GET"]}}],"collection":[{"href":"https:\/\/beta-clic.com\/index.php\/wp-json\/wp\/v2\/product"}],"about":[{"href":"https:\/\/beta-clic.com\/index.php\/wp-json\/wp\/v2\/types\/product"}],"replies":[{"embeddable":true,"href":"https:\/\/beta-clic.com\/index.php\/wp-json\/wp\/v2\/comments?post=3754"}],"version-history":[{"count":0,"href":"https:\/\/beta-clic.com\/index.php\/wp-json\/wp\/v2\/product\/3754\/revisions"}],"wp:featuredmedia":[{"embeddable":true,"href":"https:\/\/beta-clic.com\/index.php\/wp-json\/wp\/v2\/media\/3786"}],"wp:attachment":[{"href":"https:\/\/beta-clic.com\/index.php\/wp-json\/wp\/v2\/media?parent=3754"}],"wp:term":[{"taxonomy":"product_brand","embeddable":true,"href":"https:\/\/beta-clic.com\/index.php\/wp-json\/wp\/v2\/product_brand?post=3754"},{"taxonomy":"product_cat","embeddable":true,"href":"https:\/\/beta-clic.com\/index.php\/wp-json\/wp\/v2\/product_cat?post=3754"},{"taxonomy":"product_tag","embeddable":true,"href":"https:\/\/beta-clic.com\/index.php\/wp-json\/wp\/v2\/product_tag?post=3754"}],"curies":[{"name":"wp","href":"https:\/\/api.w.org\/{rel}","templated":true}]}}