{"id":3765,"date":"2023-09-28T15:06:45","date_gmt":"2023-09-28T13:06:45","guid":{"rendered":"https:\/\/beta-clic.com\/?post_type=product&#038;p=3765"},"modified":"2023-09-28T15:08:16","modified_gmt":"2023-09-28T13:08:16","slug":"gestion-mensuelle-fiche-google-business","status":"publish","type":"product","link":"https:\/\/beta-clic.com\/index.php\/produit\/gestion-mensuelle-fiche-google-business\/","title":{"rendered":"Gestion Mensuelle Fiche Google Business"},"content":{"rendered":"","protected":false},"excerpt":{"rendered":"<p>Chez B\u00eataClic, nous comprenons l&#8217;importance cruciale de la visibilit\u00e9 en ligne pour les entreprises d&#8217;aujourd&#8217;hui. C&#8217;est pourquoi nous avons cr\u00e9\u00e9 notre service de gestion mensuelle de votre fiche Google Business, soutenu par notre statut de Google Partenaire de confiance.<\/p>\n<p>Notre \u00e9quipe d&#8217;experts d\u00e9vou\u00e9s veillera \u00e0 ce que votre fiche Google Business soit non seulement compl\u00e8te et optimis\u00e9e, mais aussi constamment mise \u00e0 jour pour refl\u00e9ter les \u00e9volutions de votre entreprise. Voici ce que vous pouvez attendre de notre service haut de gamme :<\/p>\n<ol>\n<li><strong>Optimisation Compl\u00e8te<\/strong> : Nous optimiserons chaque aspect de votre fiche, des informations de base aux photos et aux heures d&#8217;ouverture, pour garantir une pr\u00e9sentation professionnelle.<\/li>\n<li><strong>Gestion des Avis<\/strong> : Nous surveillerons et r\u00e9pondrons aux avis de mani\u00e8re proactive, renfor\u00e7ant ainsi votre r\u00e9putation en ligne.<\/li>\n<li><strong>Statistiques et Insights<\/strong> : En tant que Google Partenaire, nous avons acc\u00e8s aux derni\u00e8res donn\u00e9es et tendances pour vous fournir des informations pr\u00e9cieuses sur la performance de votre fiche.<\/li>\n<li><strong>Mises \u00e0 Jour R\u00e9guli\u00e8res<\/strong> : Votre fiche sera continuellement mise \u00e0 jour avec les derni\u00e8res informations de votre entreprise, que ce soit pour les horaires sp\u00e9ciaux, les promotions ou les \u00e9v\u00e9nements.<\/li>\n<li><strong>Support Expert<\/strong> : Notre \u00e9quipe est \u00e0 votre disposition pour r\u00e9pondre \u00e0 toutes vos questions et pr\u00e9occupations, garantissant une exp\u00e9rience client de premi\u00e8re classe.<\/li>\n<\/ol>\n<p>Choisir B\u00eataClic, c&#8217;est investir dans la visibilit\u00e9 de votre entreprise. Notre service de gestion de fiche Google Business vous permettra de vous d\u00e9marquer de la concurrence, d&#8217;attirer de nouveaux clients et de fid\u00e9liser votre client\u00e8le existante. Ne laissez pas votre pr\u00e9sence en ligne au hasard. Optez pour la qualit\u00e9, optez pour B\u00eataClic, o\u00f9 l&#8217;investissement n&#8217;est pas un luxe, mais une n\u00e9cessit\u00e9 pour la croissance de votre entreprise.<\/p>\n","protected":false},"featured_media":3791,"comment_status":"closed","ping_status":"closed","template":"","meta":[],"product_brand":[],"product_cat":[80,81,82],"product_tag":[],"class_list":{"0":"post-3765","1":"product","2":"type-product","3":"status-publish","4":"has-post-thumbnail","6":"product_cat-nos-services","7":"product_cat-referencement","8":"product_cat-reseaux-sociaux","10":"first","11":"instock","12":"virtual","13":"taxable","14":"purchasable","15":"product-type-simple"},"_links":{"self":[{"href":"https:\/\/beta-clic.com\/index.php\/wp-json\/wp\/v2\/product\/3765","targetHints":{"allow":["GET"]}}],"collection":[{"href":"https:\/\/beta-clic.com\/index.php\/wp-json\/wp\/v2\/product"}],"about":[{"href":"https:\/\/beta-clic.com\/index.php\/wp-json\/wp\/v2\/types\/product"}],"replies":[{"embeddable":true,"href":"https:\/\/beta-clic.com\/index.php\/wp-json\/wp\/v2\/comments?post=3765"}],"version-history":[{"count":0,"href":"https:\/\/beta-clic.com\/index.php\/wp-json\/wp\/v2\/product\/3765\/revisions"}],"wp:featuredmedia":[{"embeddable":true,"href":"https:\/\/beta-clic.com\/index.php\/wp-json\/wp\/v2\/media\/3791"}],"wp:attachment":[{"href":"https:\/\/beta-clic.com\/index.php\/wp-json\/wp\/v2\/media?parent=3765"}],"wp:term":[{"taxonomy":"product_brand","embeddable":true,"href":"https:\/\/beta-clic.com\/index.php\/wp-json\/wp\/v2\/product_brand?post=3765"},{"taxonomy":"product_cat","embeddable":true,"href":"https:\/\/beta-clic.com\/index.php\/wp-json\/wp\/v2\/product_cat?post=3765"},{"taxonomy":"product_tag","embeddable":true,"href":"https:\/\/beta-clic.com\/index.php\/wp-json\/wp\/v2\/product_tag?post=3765"}],"curies":[{"name":"wp","href":"https:\/\/api.w.org\/{rel}","templated":true}]}}